{"id":4,"date":"2015-08-23T00:38:09","date_gmt":"2015-08-22T22:38:09","guid":{"rendered":"http:\/\/localhost:8888\/clajeong\/?page_id=4"},"modified":"2015-08-25T00:39:22","modified_gmt":"2015-08-24T22:39:22","slug":"ueber-mich","status":"publish","type":"page","link":"https:\/\/clajeong.com\/en\/","title":{"rendered":"\u00fcber mich"},"content":{"rendered":"<p><\/p>\n<div class=\"wrapper section-inner\">\n<div class=\"content left\">\n<div class=\"posts\">\n<div class=\"post\">\n<div class=\"post-content\">\n<p>Kyusang Jeong begann im Jahr 2000 als in Korea bereits mehrfach ausgezeichneter Klarinettist die K\u00fcnstlerische Instrumentalausbildung an der Folkwang Universit\u00e4t der K\u00fcnste Essen bei Wolfgang Esch. Schon damals wurde seine Faszination f\u00fcr neue Kl\u00e4nge geweckt, denen er sich z.B. 2002 in Darmstadt mit dem Folkwang Ensemble f\u00fcr Neue Musik, unter der Leitung Johannes Kalitzkes, widmen konnte. W\u00e4hrend eines Meisterklassenstudiums bei Prof. Harald Harrer und Manfred Preis konnte er den 1. Preis beim \u201cMusikpreis der N\u00fcrnberger Nachrichten\u201d sowie den 3. Preis beim \u201cInternational Chamber Music Competition\u201d in Thessaloniki mit dem Duo Ryul gewinnen. Nach einer durch den koreanischen Wehrdienst erzwungenen zweij\u00e4hrigen Pause kehrte er an die Folkwang UdK zur\u00fcck und machte hier seinen Master in der Instrumentalausbildung mit der Studienrichtung Neue Musik, die inzwischen die wichtigste Rolle in seinem Schaffen spielt.<\/p>\n<\/div>\n<\/div>\n<\/div>\n<\/div>\n<\/div>\n<p><\/p>","protected":false},"excerpt":{"rendered":"<p>Kyusang Jeong begann im Jahr 2000 als in Korea bereits mehrfach ausgezeichneter Klarinettist die K\u00fcnstlerische Instrumentalausbildung an der Folkwang Universit\u00e4t der K\u00fcnste Essen bei Wolfgang Esch. Schon damals wurde seine Faszination f\u00fcr neue Kl\u00e4nge geweckt,[&#8230;]<\/p>\n","protected":false},"author":1,"featured_media":0,"parent":0,"menu_order":0,"comment_status":"closed","ping_status":"closed","template":"","meta":[],"_links":{"self":[{"href":"https:\/\/clajeong.com\/en\/wp-json\/wp\/v2\/pages\/4"}],"collection":[{"href":"https:\/\/clajeong.com\/en\/wp-json\/wp\/v2\/pages"}],"about":[{"href":"https:\/\/clajeong.com\/en\/wp-json\/wp\/v2\/types\/page"}],"author":[{"embeddable":true,"href":"https:\/\/clajeong.com\/en\/wp-json\/wp\/v2\/users\/1"}],"replies":[{"embeddable":true,"href":"https:\/\/clajeong.com\/en\/wp-json\/wp\/v2\/comments?post=4"}],"version-history":[{"count":2,"href":"https:\/\/clajeong.com\/en\/wp-json\/wp\/v2\/pages\/4\/revisions"}],"predecessor-version":[{"id":40,"href":"https:\/\/clajeong.com\/en\/wp-json\/wp\/v2\/pages\/4\/revisions\/40"}],"wp:attachment":[{"href":"https:\/\/clajeong.com\/en\/wp-json\/wp\/v2\/media?parent=4"}],"curies":[{"name":"wp","href":"https:\/\/api.w.org\/{rel}","templated":true}]}}